{"id":251,"date":"2013-06-02T16:41:55","date_gmt":"2013-06-02T14:41:55","guid":{"rendered":"http:\/\/10.90.0.103\/wordpress\/?page_id=251"},"modified":"2022-10-12T12:39:36","modified_gmt":"2022-10-12T10:39:36","slug":"kontaktinformacija","status":"publish","type":"page","link":"https:\/\/www.sdk-zile.lv\/?page_id=251","title":{"rendered":"Kontaktinform\u0101cija"},"content":{"rendered":"<table style=\"height: 134px;\" width=\"617; background-color: #ffffff;\">\n<tbody>\n<tr>\n<td>\n<p style=\"padding-left: 30px;\"><strong>Biedr\u012bba &#8220;SDK Z\u012aLE&#8221;<\/strong><\/p>\n<p style=\"padding-left: 30px;\">Vad\u012bt\u0101ja Iveta Z\u012ble<\/p>\n<p style=\"padding-left: 30px;\">Mob.tel. +371 29265335<\/p>\n<p style=\"padding-left: 30px;\">e-pasts:\u00a0iveta.zile@sdk-zile.lv<\/p>\n<\/td>\n<td>\n<p style=\"padding-left: 30px;\"><strong>Nor\u0113\u0137inu rekviz\u012bti:<\/strong><\/p>\n<p style=\"padding-left: 30px;\">Konta nr. Swedbank<\/p>\n<p style=\"padding-left: 30px;\">LV37HABA0551051246294<\/p>\n<p style=\"padding-left: 30px;\">Re\u0123.nr. 40008309180<\/p>\n<\/td>\n<\/tr>\n<tr>\n<td>\n<p style=\"padding-left: 30px;\"><strong>\u00a0<\/strong><\/p>\n<\/td>\n<td>\n<p style=\"padding-left: 30px;\"><strong>\u00a0<\/strong><\/p>\n<\/td>\n<\/tr>\n<\/tbody>\n<\/table>\n<hr \/>\n<p style=\"padding-left: 30px;\"><noscript class=\"ninja-forms-noscript-message\">\n\tNotice: JavaScript is required for this content.<\/noscript>\nNo Fields Found.<div id=\"nf-form-5-cont\" class=\"nf-form-cont\" aria-live=\"polite\" aria-labelledby=\"nf-form-title-5\" aria-describedby=\"nf-form-errors-5\" role=\"form\">\n\n    <div class=\"nf-loading-spinner\"><\/div>\n\n<\/div>\n        <!-- That data is being printed as a workaround to page builders reordering the order of the scripts loaded-->\n        <script>var formDisplay=1;var nfForms=nfForms||[];var form=[];form.id='5';form.settings={\"ninjaForms\":\"Ninja Forms\",\"changeEmailErrorMsg\":\"Please enter a valid email address!\",\"changeDateErrorMsg\":\"Please enter a valid date!\",\"confirmFieldErrorMsg\":\"These fields must match!\",\"fieldNumberNumMinError\":\"Number Min Error\",\"fieldNumberNumMaxError\":\"Number Max Error\",\"fieldNumberIncrementBy\":\"Please increment by \",\"fieldTextareaRTEInsertLink\":\"Insert Link\",\"fieldTextareaRTEInsertMedia\":\"Insert Media\",\"fieldTextareaRTESelectAFile\":\"Select a file\",\"formErrorsCorrectErrors\":\"Please correct errors before submitting this form.\",\"formHoneypot\":\"If you are a human seeing this field, please leave it empty.\",\"validateRequiredField\":\"This is a required field.\",\"honeypotHoneypotError\":\"Honeypot Error\",\"fileUploadOldCodeFileUploadInProgress\":\"File Upload in Progress.\",\"fileUploadOldCodeFileUpload\":\"FILE UPLOAD\",\"currencySymbol\":\"$\",\"fieldsMarkedRequired\":\"Fields marked with an <span class=\\\"ninja-forms-req-symbol\\\">*<\\\/span> are required\",\"thousands_sep\":\",\",\"decimal_point\":\".\",\"siteLocale\":\"lv_LV\",\"dateFormat\":\"d\\\/m\\\/Y\",\"startOfWeek\":\"1\",\"of\":\"of\",\"previousMonth\":\"Previous Month\",\"nextMonth\":\"Next Month\",\"months\":[\"January\",\"February\",\"March\",\"April\",\"May\",\"June\",\"July\",\"August\",\"September\",\"October\",\"November\",\"December\"],\"monthsShort\":[\"Jan\",\"Feb\",\"Mar\",\"Apr\",\"May\",\"Jun\",\"Jul\",\"Aug\",\"Sep\",\"Oct\",\"Nov\",\"Dec\"],\"weekdays\":[\"Sunday\",\"Monday\",\"Tuesday\",\"Wednesday\",\"Thursday\",\"Friday\",\"Saturday\"],\"weekdaysShort\":[\"Sun\",\"Mon\",\"Tue\",\"Wed\",\"Thu\",\"Fri\",\"Sat\"],\"weekdaysMin\":[\"Su\",\"Mo\",\"Tu\",\"We\",\"Th\",\"Fr\",\"Sa\"],\"recaptchaConsentMissing\":\"reCaptcha validation couldn&#039;t load.\",\"recaptchaMissingCookie\":\"reCaptcha v3 validation couldn&#039;t load the cookie needed to submit the form.\",\"recaptchaConsentEvent\":\"Accept reCaptcha cookies before sending the form.\",\"embed_form\":\"\",\"currency_symbol\":\"\",\"title\":\"\",\"beforeForm\":\"\",\"beforeFields\":\"\",\"afterFields\":\"\",\"afterForm\":\"\"};form.fields=[];nfForms.push(form);<\/script>\n        <\/p>\n","protected":false},"excerpt":{"rendered":"<p style=\"padding-left: 30px;\">Biedr\u012bba &#8220;SDK Z\u012aLE&#8221;<\/p>\n<p style=\"padding-left: 30px;\">Vad\u012bt\u0101ja Iveta Z\u012ble<\/p>\n<p style=\"padding-left: 30px;\">Mob.tel. +371 29265335<\/p>\n<p style=\"padding-left: 30px;\">e-pasts:\u00a0iveta.zile@sdk-zile.lv<\/p>\n<p style=\"padding-left: 30px;\">Nor\u0113\u0137inu rekviz\u012bti:<\/p>\n<p style=\"padding-left: 30px;\">Konta nr. Swedbank<\/p>\n<p style=\"padding-left: 30px;\">LV37HABA0551051246294<\/p>\n<p style=\"padding-left: 30px;\">Re\u0123.nr. 40008309180<\/p>\n<p style=\"padding-left: 30px;\">\u00a0<\/p>\n<p style=\"padding-left: 30px;\">\u00a0<\/p>\n<p style=\"padding-left: 30px;\">\n","protected":false},"author":1,"featured_media":0,"parent":0,"menu_order":0,"comment_status":"closed","ping_status":"closed","template":"","meta":{"footnotes":"","_links_to":"","_links_to_target":""},"class_list":["post-251","page","type-page","status-publish","hentry","nodate"],"_links":{"self":[{"href":"https:\/\/www.sdk-zile.lv\/index.php?rest_route=\/wp\/v2\/pages\/251"}],"collection":[{"href":"https:\/\/www.sdk-zile.lv\/index.php?rest_route=\/wp\/v2\/pages"}],"about":[{"href":"https:\/\/www.sdk-zile.lv\/index.php?rest_route=\/wp\/v2\/types\/page"}],"author":[{"embeddable":true,"href":"https:\/\/www.sdk-zile.lv\/index.php?rest_route=\/wp\/v2\/users\/1"}],"replies":[{"embeddable":true,"href":"https:\/\/www.sdk-zile.lv\/index.php?rest_route=%2Fwp%2Fv2%2Fcomments&post=251"}],"version-history":[{"count":12,"href":"https:\/\/www.sdk-zile.lv\/index.php?rest_route=\/wp\/v2\/pages\/251\/revisions"}],"predecessor-version":[{"id":5308,"href":"https:\/\/www.sdk-zile.lv\/index.php?rest_route=\/wp\/v2\/pages\/251\/revisions\/5308"}],"wp:attachment":[{"href":"https:\/\/www.sdk-zile.lv\/index.php?rest_route=%2Fwp%2Fv2%2Fmedia&parent=251"}],"curies":[{"name":"wp","href":"https:\/\/api.w.org\/{rel}","templated":true}]}}