{"id":249,"date":"2013-06-02T16:40:34","date_gmt":"2013-06-02T14:40:34","guid":{"rendered":"http:\/\/10.90.0.103\/wordpress\/?page_id=249"},"modified":"2022-04-13T16:20:41","modified_gmt":"2022-04-13T14:20:41","slug":"kazu-dejas","status":"publish","type":"page","link":"https:\/\/www.sdk-zile.lv\/?page_id=249","title":{"rendered":"K\u0101zu dejas"},"content":{"rendered":"\n<p style=\"text-align: justify;\">K\u0101zas ir viens no skaist\u0101kajiem mirk\u013ciem J\u016bsu dz\u012bv\u0113.&nbsp;<strong>K\u0101zu deja<\/strong>&nbsp;&#8211; iesp\u0113ja&nbsp;jaunlaul\u0101tajiem paust savas j\u016btas vienam pret otru kust\u012bb\u0101. K\u0101 t\u0101s j\u016bs izdejosiet ir tikai J\u016bsu zi\u0146\u0101. Vai iet\u0113rpsiet savas j\u016btas l\u0113naj\u0101 vals\u012b, ugun\u012bg\u0101 tango, trakul\u012bg\u0101 d\u017eaiv\u0101 vai m\u012blas izjust\u0101 rumb\u0101.<\/p>\n<p style=\"text-align: justify;\">SDK &#8220;Z\u012aLE&#8221; pal\u012bdz\u0113s realiz\u0113t pat visp\u0101rdro\u0161\u0101ko deju \u0161ova ideju.&nbsp;\u0145emot v\u0113r\u0101 J\u016bsu v\u0113lmes un iesp\u0113jas,&nbsp;pal\u012bdz\u0113sim izvel\u0113ties piem\u0113rot\u0101ko&nbsp;dejas muzik\u0101lo pavad\u012bjumu un&nbsp;kop\u012bgi sagatavosim ori\u0123in\u0101lu k\u0101zu priek\u0161nesumu, kas dos Jums pozit\u012bvas emocijas un pat\u012bkami p\u0101rsteigs K\u0101zu viesus.<\/p>\n<p style=\"text-align: justify;\">&nbsp;<\/p>\n\n\n\n<figure class=\"wp-block-embed is-type-video is-provider-youtube wp-block-embed-youtube wp-embed-aspect-16-9 wp-has-aspect-ratio\"><div class=\"wp-block-embed__wrapper\">\n<iframe loading=\"lazy\" title=\"Linarda un Evitas k\u0101zu deja\" width=\"500\" height=\"281\" src=\"https:\/\/www.youtube.com\/embed\/WsnS4Kt32Ug?feature=oembed\" frameborder=\"0\" allow=\"accelerometer; autoplay; clipboard-write; encrypted-media; gyroscope; picture-in-picture; web-share\" referrerpolicy=\"strict-origin-when-cross-origin\" allowfullscreen><\/iframe>\n<\/div><\/figure>\n\n\n<p>\u00a0<\/p>\n<div style=\"position: relative; height: 0; padding-bottom: 75%;\"><iframe loading=\"lazy\" style=\"position: absolute; width: 100%; height: 100%; left: 0;\" src=\"https:\/\/www.youtube.com\/embed\/mIRkJcCizIA?ecver=2\" width=\"480\" height=\"360\" frameborder=\"0\" allowfullscreen=\"allowfullscreen\"><\/iframe><\/div>\n<div style=\"position: relative; height: 0; padding-bottom: 56.25%;\"><iframe loading=\"lazy\" style=\"position: absolute; width: 100%; height: 100%; left: 0;\" src=\"https:\/\/www.youtube.com\/embed\/jvbJ2RUwRbQ?ecver=2\" width=\"640\" height=\"360\" frameborder=\"0\" allowfullscreen=\"allowfullscreen\"><\/iframe><\/div>\n<div style=\"position: relative; height: 0; padding-bottom: 56.25%;\">\u00a0<\/div>","protected":false},"excerpt":{"rendered":"<p style=\"text-align: justify;\">K\u0101zas ir viens no skaist\u0101kajiem mirk\u013ciem J\u016bsu dz\u012bv\u0113.&nbsp;K\u0101zu deja&nbsp;&#8211; iesp\u0113ja&nbsp;jaunlaul\u0101tajiem paust savas j\u016btas vienam pret otru kust\u012bb\u0101. K\u0101 t\u0101s j\u016bs izdejosiet ir tikai J\u016bsu zi\u0146\u0101. Vai iet\u0113rpsiet savas j\u016btas l\u0113naj\u0101 vals\u012b, ugun\u012bg\u0101 tango, trakul\u012bg\u0101 d\u017eaiv\u0101 vai m\u012blas izjust\u0101 rumb\u0101.<\/p>\n<p style=\"text-align: justify;\">SDK &#8220;Z\u012aLE&#8221; pal\u012bdz\u0113s realiz\u0113t pat visp\u0101rdro\u0161\u0101ko deju \u0161ova ideju.&nbsp;\u0145emot v\u0113r\u0101 J\u016bsu v\u0113lmes &hellip; <\/p>\n<p><a class=\"more-link block-button\" href=\"https:\/\/www.sdk-zile.lv\/?page_id=249\">Las\u012bt t\u0101l\u0101k &raquo;<\/a><\/p>\n","protected":false},"author":1,"featured_media":0,"parent":0,"menu_order":0,"comment_status":"closed","ping_status":"closed","template":"","meta":{"footnotes":"","_links_to":"","_links_to_target":""},"class_list":["post-249","page","type-page","status-publish","hentry","nodate"],"_links":{"self":[{"href":"https:\/\/www.sdk-zile.lv\/index.php?rest_route=\/wp\/v2\/pages\/249"}],"collection":[{"href":"https:\/\/www.sdk-zile.lv\/index.php?rest_route=\/wp\/v2\/pages"}],"about":[{"href":"https:\/\/www.sdk-zile.lv\/index.php?rest_route=\/wp\/v2\/types\/page"}],"author":[{"embeddable":true,"href":"https:\/\/www.sdk-zile.lv\/index.php?rest_route=\/wp\/v2\/users\/1"}],"replies":[{"embeddable":true,"href":"https:\/\/www.sdk-zile.lv\/index.php?rest_route=%2Fwp%2Fv2%2Fcomments&post=249"}],"version-history":[{"count":15,"href":"https:\/\/www.sdk-zile.lv\/index.php?rest_route=\/wp\/v2\/pages\/249\/revisions"}],"predecessor-version":[{"id":5233,"href":"https:\/\/www.sdk-zile.lv\/index.php?rest_route=\/wp\/v2\/pages\/249\/revisions\/5233"}],"wp:attachment":[{"href":"https:\/\/www.sdk-zile.lv\/index.php?rest_route=%2Fwp%2Fv2%2Fmedia&parent=249"}],"curies":[{"name":"wp","href":"https:\/\/api.w.org\/{rel}","templated":true}]}}