{"id":246,"date":"2013-06-02T16:39:36","date_gmt":"2013-06-02T14:39:36","guid":{"rendered":"http:\/\/10.90.0.103\/wordpress\/?page_id=246"},"modified":"2022-04-13T16:22:20","modified_gmt":"2022-04-13T14:22:20","slug":"video","status":"publish","type":"page","link":"https:\/\/www.sdk-zile.lv\/?page_id=246","title":{"rendered":"Video"},"content":{"rendered":"<h3><em><strong>L\u0113nais valsis Marka izpild\u012bjum\u0101. Toreiz un tagad. \ud83d\ude42<\/strong><\/em><\/h3>\n<p>Ar pirmo partneri Zani 2010. gad\u0101 un tagad\u0113jo partneri Evel\u012bnu 2018. gad\u0101.<\/p>\n<div style=\"position: relative; height: 0; padding-bottom: 56.25%;\"><iframe loading=\"lazy\" style=\"position: absolute; width: 100%; height: 100%; left: 0;\" src=\"https:\/\/www.youtube.com\/embed\/P_cVjwtXFnQ\" width=\"640\" height=\"360\" frameborder=\"0\" allowfullscreen=\"allowfullscreen\"><span data-mce-type=\"bookmark\" style=\"display: inline-block; width: 0px; overflow: hidden; line-height: 0;\" class=\"mce_SELRES_start\">\ufeff<\/span><\/iframe><\/div>\n<div><\/div>\n<h3><em><strong>\u010ca-\u010da-\u010da\u00a0Marka izpild\u012bjum\u0101. Toreiz un tagad. \ud83d\ude42<\/strong><\/em><\/h3>\n<p>Ar pirmo partneri Zani 2010. gad\u0101 un tagad\u0113jo partneri Evel\u012bnu 2018. gad\u0101.<\/p>\n<div style=\"position: relative; height: 0; padding-bottom: 56.25%;\"><iframe loading=\"lazy\" style=\"position: absolute; width: 100%; height: 100%; left: 0;\" src=\"https:\/\/www.youtube.com\/embed\/8N8PdBtAqB0\" width=\"640\" height=\"360\" frameborder=\"0\" allowfullscreen=\"allowfullscreen\"><span data-mce-type=\"bookmark\" style=\"display: inline-block; width: 0px; overflow: hidden; line-height: 0;\" class=\"mce_SELRES_start\">\ufeff<\/span><\/iframe><\/div>\n<div><\/div>\n<div><\/div>\n<div style=\"position: relative; height: 0; padding-bottom: 56.25%;\"><\/div>\n","protected":false},"excerpt":{"rendered":"<p>L\u0113nais valsis Marka izpild\u012bjum\u0101. Toreiz un tagad. \ud83d\ude42 <\/p>\n<p>Ar pirmo partneri Zani 2010. gad\u0101 un tagad\u0113jo partneri Evel\u012bnu 2018. gad\u0101.<\/p>\n<p> \ufeff \u010ca-\u010da-\u010da\u00a0Marka izpild\u012bjum\u0101. Toreiz un tagad. \ud83d\ude42 <\/p>\n<p>Ar pirmo partneri Zani 2010. gad\u0101 un tagad\u0113jo partneri Evel\u012bnu 2018. gad\u0101.<\/p>\n<p> \ufeff<\/p>\n","protected":false},"author":1,"featured_media":0,"parent":0,"menu_order":0,"comment_status":"closed","ping_status":"closed","template":"","meta":{"footnotes":"","_links_to":"","_links_to_target":""},"class_list":["post-246","page","type-page","status-publish","hentry","nodate"],"_links":{"self":[{"href":"https:\/\/www.sdk-zile.lv\/index.php?rest_route=\/wp\/v2\/pages\/246"}],"collection":[{"href":"https:\/\/www.sdk-zile.lv\/index.php?rest_route=\/wp\/v2\/pages"}],"about":[{"href":"https:\/\/www.sdk-zile.lv\/index.php?rest_route=\/wp\/v2\/types\/page"}],"author":[{"embeddable":true,"href":"https:\/\/www.sdk-zile.lv\/index.php?rest_route=\/wp\/v2\/users\/1"}],"replies":[{"embeddable":true,"href":"https:\/\/www.sdk-zile.lv\/index.php?rest_route=%2Fwp%2Fv2%2Fcomments&post=246"}],"version-history":[{"count":25,"href":"https:\/\/www.sdk-zile.lv\/index.php?rest_route=\/wp\/v2\/pages\/246\/revisions"}],"predecessor-version":[{"id":5234,"href":"https:\/\/www.sdk-zile.lv\/index.php?rest_route=\/wp\/v2\/pages\/246\/revisions\/5234"}],"wp:attachment":[{"href":"https:\/\/www.sdk-zile.lv\/index.php?rest_route=%2Fwp%2Fv2%2Fmedia&parent=246"}],"curies":[{"name":"wp","href":"https:\/\/api.w.org\/{rel}","templated":true}]}}