{"id":244,"date":"2013-06-02T16:37:57","date_gmt":"2013-06-02T14:37:57","guid":{"rendered":"http:\/\/10.90.0.103\/wordpress\/?page_id=244"},"modified":"2013-09-09T10:00:16","modified_gmt":"2013-09-09T08:00:16","slug":"fotogalerija","status":"publish","type":"page","link":"https:\/\/www.sdk-zile.lv\/?page_id=244","title":{"rendered":"Fotogalerija"},"content":{"rendered":" \n<!-- Start container 1 --><div id=\"wppa-modal-container-1\" class=\"wppa-modal-container\" style=\"position:relative;z-index:100000;\" data-wppa=\"yes\"><\/div><div id=\"wppa-container-wrapper-1\" class=\"alignnone wppa-container-wrapper \" style=\"width:100%;clear:both;padding:0;position:relative;\"><div id=\"wppa-container-1\" style=\"width:100%;\" class=\"wppa-container wppa-container-1 wppa-rev-8804005 wppa-prevrev-7706007 wppa-theme-8.8.04.005 wppa-api-8.8.04.005\"><svg id=\"wppa-ajax-spin-1\" class=\"wppa-ajax-spin uil-default\" width=\"120px\" height=\"120px\" viewBox=\"0 0 100 100\" preserveAspectRatio=\"xMidYMid\" stroke=\"\" style=\"width:120px; height:120px; position:fixed; top:50%; margin-top:-60px; left:50%; margin-left:-60px; opacity:1; display:none; fill:#666666; background-color:#dddddd; border-radius:12px;\"><rect x=\"0\" y=\"0\" width=\"100\" height=\"100\" fill=\"none\" class=\"bk\"><\/rect><rect class=\"wppa-ajaxspin\" x=\"47\" y=\"40\" width=\"6\" height=\"20\" rx=\"3\" ry=\"3\" transform=\"rotate(0 50 50) translate(0 -32)\"><animate attributeName=\"opacity\" from=\"1\" to=\"0\" dur=\"1.5s\" begin=\"0s\" repeatCount=\"indefinite\" ><\/rect><rect class=\"wppa-ajaxspin\" x=\"47\" y=\"40\" width=\"6\" height=\"20\" rx=\"3\" ry=\"3\" transform=\"rotate(22.5 50 50) translate(0 -32)\"><animate attributeName=\"opacity\" from=\"1\" to=\"0\" dur=\"1.5s\" begin=\"0.09375s\" repeatCount=\"indefinite\" ><\/rect><rect class=\"wppa-ajaxspin\" x=\"47\" y=\"40\" width=\"6\" height=\"20\" rx=\"3\" ry=\"3\" transform=\"rotate(45 50 50) translate(0 -32)\"><animate attributeName=\"opacity\" from=\"1\" to=\"0\" dur=\"1.5s\" begin=\"0.1875s\" repeatCount=\"indefinite\" ><\/rect><rect class=\"wppa-ajaxspin\" x=\"47\" y=\"40\" width=\"6\" height=\"20\" rx=\"3\" ry=\"3\" transform=\"rotate(67.5 50 50) translate(0 -32)\"><animate attributeName=\"opacity\" from=\"1\" to=\"0\" dur=\"1.5s\" begin=\"0.28125s\" repeatCount=\"indefinite\" ><\/rect><rect class=\"wppa-ajaxspin\" x=\"47\" y=\"40\" width=\"6\" height=\"20\" rx=\"3\" ry=\"3\" transform=\"rotate(90 50 50) translate(0 -32)\"><animate attributeName=\"opacity\" from=\"1\" to=\"0\" dur=\"1.5s\" begin=\"0.375s\" repeatCount=\"indefinite\" ><\/rect><rect class=\"wppa-ajaxspin\" x=\"47\" y=\"40\" width=\"6\" height=\"20\" rx=\"3\" ry=\"3\" transform=\"rotate(112.5 50 50) translate(0 -32)\"><animate attributeName=\"opacity\" from=\"1\" to=\"0\" dur=\"1.5s\" begin=\"0.46875s\" repeatCount=\"indefinite\" ><\/rect><rect class=\"wppa-ajaxspin\" x=\"47\" y=\"40\" width=\"6\" height=\"20\" rx=\"3\" ry=\"3\" transform=\"rotate(135 50 50) translate(0 -32)\"><animate attributeName=\"opacity\" from=\"1\" to=\"0\" dur=\"1.5s\" begin=\"0.5625s\" repeatCount=\"indefinite\" ><\/rect><rect class=\"wppa-ajaxspin\" x=\"47\" y=\"40\" width=\"6\" height=\"20\" rx=\"3\" ry=\"3\" transform=\"rotate(157.5 50 50) translate(0 -32)\"><animate attributeName=\"opacity\" from=\"1\" to=\"0\" dur=\"1.5s\" begin=\"0.65625s\" repeatCount=\"indefinite\" ><\/rect><rect class=\"wppa-ajaxspin\" x=\"47\" y=\"40\" width=\"6\" height=\"20\" rx=\"3\" ry=\"3\" transform=\"rotate(180 50 50) translate(0 -32)\"><animate attributeName=\"opacity\" from=\"1\" to=\"0\" dur=\"1.5s\" begin=\"0.75s\" repeatCount=\"indefinite\" ><\/rect><rect class=\"wppa-ajaxspin\" x=\"47\" y=\"40\" width=\"6\" height=\"20\" rx=\"3\" ry=\"3\" transform=\"rotate(202.5 50 50) translate(0 -32)\"><animate attributeName=\"opacity\" from=\"1\" to=\"0\" dur=\"1.5s\" begin=\"0.84375s\" repeatCount=\"indefinite\" ><\/rect><rect class=\"wppa-ajaxspin\" x=\"47\" y=\"40\" width=\"6\" height=\"20\" rx=\"3\" ry=\"3\" transform=\"rotate(225 50 50) translate(0 -32)\"><animate attributeName=\"opacity\" from=\"1\" to=\"0\" dur=\"1.5s\" begin=\"0.9375s\" repeatCount=\"indefinite\" ><\/rect><rect class=\"wppa-ajaxspin\" x=\"47\" y=\"40\" width=\"6\" height=\"20\" rx=\"3\" ry=\"3\" transform=\"rotate(247.5 50 50) translate(0 -32)\"><animate attributeName=\"opacity\" from=\"1\" to=\"0\" dur=\"1.5s\" begin=\"1.03125s\" repeatCount=\"indefinite\" ><\/rect><rect class=\"wppa-ajaxspin\" x=\"47\" y=\"40\" width=\"6\" height=\"20\" rx=\"3\" ry=\"3\" transform=\"rotate(270 50 50) translate(0 -32)\"><animate attributeName=\"opacity\" from=\"1\" to=\"0\" dur=\"1.5s\" begin=\"1.125s\" repeatCount=\"indefinite\" ><\/rect><rect class=\"wppa-ajaxspin\" x=\"47\" y=\"40\" width=\"6\" height=\"20\" rx=\"3\" ry=\"3\" transform=\"rotate(292.5 50 50) translate(0 -32)\"><animate attributeName=\"opacity\" from=\"1\" to=\"0\" dur=\"1.5s\" begin=\"1.21875s\" repeatCount=\"indefinite\" ><\/rect><rect class=\"wppa-ajaxspin\" x=\"47\" y=\"40\" width=\"6\" height=\"20\" rx=\"3\" ry=\"3\" transform=\"rotate(315 50 50) translate(0 -32)\"><animate attributeName=\"opacity\" from=\"1\" to=\"0\" dur=\"1.5s\" begin=\"1.3125s\" repeatCount=\"indefinite\" ><\/rect><rect class=\"wppa-ajaxspin\" x=\"47\" y=\"40\" width=\"6\" height=\"20\" rx=\"3\" ry=\"3\" transform=\"rotate(337.5 50 50) translate(0 -32)\"><animate attributeName=\"opacity\" from=\"1\" to=\"0\" dur=\"1.5s\" begin=\"1.40625s\" repeatCount=\"indefinite\" ><\/rect><\/svg><input type=\"hidden\" id=\"wppa-nonce-0-1\" name=\"wppa-nonce\" value=\"99199d94a5\" ><div id=\"wppa-bc-1\" class=\"wppa-nav wppa-box wppa-nav-text wppa-bc\" ><a href=\"https:\/\/www.sdk-zile.lv\/?page_id=244#wppa-container-1\" class=\"wppa-nav-text b3\" style=\"cursor:pointer\" title=\"Page: Fotogalerija\">Fotogalerija<\/a><span class=\"wppa-nav-text b3\"> &raquo; <\/span><span id=\"bc-pname-1\" class=\"wppa-nav-text b10\"  title=\"\">FOTO<\/span><div style=\"clear:both\"><\/div><\/div><div id=\"wppa-albumlist-1\" style=\"overflow:auto;\" class=\"albumlist\" onscroll=\"wppaMakeLazyVisible('scroll albumlist');\"><div id=\"album-2-1\" class=\"wppa-album-cover-standard album wppa-box wppa-cover-box wppa-cover-box-1\" style=\"width:100%;clear:both;\"><div id=\"covertext_frame_2_1\" class=\"wppa-text-frame-1 wppa-text-frame wppa-cover-text-frame wppa-asym-text-frame-1\" style=\"width:459px; float:left\"><h2 class=\"wppa-title\" style=\"clear:none;\"><a onclick=\"wppaDoAjaxRender( 1, 'https:\/\/www.sdk-zile.lv\/index.php?rest_route=\/wp-photo-album-plus\/endPoint?action=wppa&amp;amp;wppa-action=render&amp;amp;wppa-size=640&amp;amp;wppa-occur=1&amp;amp;wppa-fromp=244&amp;amp;lang=lv&amp;amp;wppa-album=2&amp;amp;wppa-cover=0&amp;amp;wppa-occur=1', 'https:\/\/www.sdk-zile.lv\/?page_id=244&amp;lang=lv&amp;wppa-album=8c49a09a49b35213&amp;wppa-cover=0&amp;wppa-occur=1' )\" title=\"View the album T\u0101di esam\" class=\"wppa-title\" style=\"cursor:pointer\">T\u0101di esam <\/a><\/h2><div class=\"wppa-box-text wppa-black wppa-box-text-desc\" ><\/div><div class=\"wppa-box-text wppa-black wppa-info wppa-slideshow-browse-link wppa-album-cover-link\"><a class=\"wppa-album-cover-link\" onclick=\"wppaDoAjaxRender( 1, 'https:\/\/www.sdk-zile.lv\/index.php?rest_route=\/wp-photo-album-plus\/endPoint?action=wppa&amp;wppa-action=render&amp;wppa-size=640&amp;wppa-occur=1&amp;wppa-fromp=244&amp;lang=lv&amp;wppa-album=2&amp;wppa-slide=1&amp;wppa-occur=1', 'https:\/\/www.sdk-zile.lv\/?page_id=244&lang=lv&wppa-album=8c49a09a49b35213&wppa-slide=1&wppa-occur=1' )\" title=\"Slideshow\" style=\"cursor:pointer\">Slideshow <\/a><\/div><div class=\"wppa-box-text wppa-black wppa-info wppa-viewlink wppa-album-cover-link\"><a class=\"wppa-album-cover-link\" onclick=\"wppaDoAjaxRender( 1, 'https:\/\/www.sdk-zile.lv\/index.php?rest_route=\/wp-photo-album-plus\/endPoint?action=wppa&amp;wppa-action=render&amp;wppa-size=640&amp;wppa-occur=1&amp;wppa-fromp=244&amp;lang=lv&amp;wppa-album=2&amp;wppa-cover=0&amp;wppa-occur=1', 'https:\/\/www.sdk-zile.lv\/?page_id=244&lang=lv&wppa-album=8c49a09a49b35213&wppa-cover=0&wppa-occur=1' )\" title=\"View the album T\u0101di esam\" style=\"cursor:pointer\">View&nbsp;8&nbsp;albums&nbsp;and&nbsp;1&nbsp;photo<\/a><\/div><\/div><div id=\"coverphoto_frame_2_1\" class=\"coverphoto-frame\" style=\"float:right; margin-left:5px;width:160px;\"><div style=\"display:inline-block;margin:0 4px;\"><a style=\"border:0;color:transparent;cursor:pointer;\" target=\"_self\" title=\"View the album T\u0101di esam\" onclick=\"wppaDoAjaxRender( 1, 'https:\/\/www.sdk-zile.lv\/index.php?rest_route=\/wp-photo-album-plus\/endPoint?action=wppa&amp;amp;wppa-action=render&amp;amp;wppa-size=640&amp;amp;wppa-occur=1&amp;amp;wppa-fromp=244&amp;amp;lang=lv&amp;amp;wppa-album=2&amp;amp;wppa-cover=0&amp;amp;wppa-occur=1', 'https:\/\/www.sdk-zile.lv\/?page_id=244&amp;lang=lv&amp;wppa-album=8c49a09a49b35213&amp;wppa-cover=0&amp;wppa-occur=1' )\"><img decoding=\"async\" src=\"https:\/\/www.sdk-zile.lv\/wp-content\/uploads\/wppa\/thumbs\/1103.jpg?ver=1\" alt=\"0\" class=\"image wppa-img\" style=\"border-width:0px;width:150px;height:113px;opacity:0.85;display:inline;\" onmouseover=\"jQuery( this ).fadeTo( 400, 1.0 )\" onmouseout=\"jQuery( this ).fadeTo( 400, 0.85 )\"><\/a><\/div><\/div><div class=\"wppa-cover-sublist-container\"><ul class=\"wppa-cover-sublink-list\" style=\"clear:both;margin:0;list-style-type:disc;list-style-position:inside;padding:0 0 0 24px;\"><li style=\"margin:0;cursor:pointer\">D\u012bvas kauss 2018 <\/li><li style=\"margin:0;cursor:pointer\">Sacens\u012bbas Siguld\u0101 <\/li><li style=\"margin:0;cursor:pointer\">Reitingu sacens\u012bbas ST un LA <\/li><li style=\"margin:0;cursor:pointer\">Latvijas \u010cempion\u0101ts 10 dej\u0101s 2017 <\/li><li style=\"margin:0;cursor:pointer\">Marks & Evel\u012bna <\/li><li style=\"margin:0;cursor:pointer\">Eduards& Krista <\/li><li style=\"margin:0;cursor:pointer\">Edvards & Tif\u0101nija <\/li><li style=\"margin:0;cursor:pointer\">Kri\u0161j\u0101nis & Patr\u012bcija <\/li><\/ul><\/div><div style=\"clear:both;\"><\/div><\/div><div id=\"album-5-1\" class=\"wppa-album-cover-standard album wppa-box wppa-cover-box wppa-cover-box-1\" style=\"width:100%;float:right;\"><div id=\"covertext_frame_5_1\" class=\"wppa-text-frame-1 wppa-text-frame wppa-cover-text-frame wppa-asym-text-frame-1\" style=\"width:459px; float:left\"><h2 class=\"wppa-title\" style=\"clear:none;\"><a onclick=\"wppaDoAjaxRender( 1, 'https:\/\/www.sdk-zile.lv\/index.php?rest_route=\/wp-photo-album-plus\/endPoint?action=wppa&amp;amp;wppa-action=render&amp;amp;wppa-size=640&amp;amp;wppa-occur=1&amp;amp;wppa-fromp=244&amp;amp;lang=lv&amp;amp;wppa-album=5&amp;amp;wppa-cover=0&amp;amp;wppa-occur=1', 'https:\/\/www.sdk-zile.lv\/?page_id=244&amp;lang=lv&amp;wppa-album=0892001d3d7adccd&amp;wppa-cover=0&amp;wppa-occur=1' )\" title=\"View the album T\u0101di bij\u0101m\" class=\"wppa-title\" style=\"cursor:pointer\">T\u0101di bij\u0101m <\/a><\/h2><div class=\"wppa-box-text wppa-black wppa-box-text-desc\" >Senie labie laiki, un ar\u012b ne tik senie \ud83d\ude42 <\/div><div class=\"wppa-box-text wppa-black wppa-info wppa-slideshow-browse-link wppa-album-cover-link\"><a class=\"wppa-album-cover-link\" onclick=\"wppaDoAjaxRender( 1, 'https:\/\/www.sdk-zile.lv\/index.php?rest_route=\/wp-photo-album-plus\/endPoint?action=wppa&amp;wppa-action=render&amp;wppa-size=640&amp;wppa-occur=1&amp;wppa-fromp=244&amp;lang=lv&amp;wppa-album=5&amp;wppa-slide=1&amp;wppa-occur=1', 'https:\/\/www.sdk-zile.lv\/?page_id=244&lang=lv&wppa-album=0892001d3d7adccd&wppa-slide=1&wppa-occur=1' )\" title=\"Slideshow\" style=\"cursor:pointer\">Slideshow <\/a><\/div><div class=\"wppa-box-text wppa-black wppa-info wppa-viewlink wppa-album-cover-link\"><a class=\"wppa-album-cover-link\" onclick=\"wppaDoAjaxRender( 1, 'https:\/\/www.sdk-zile.lv\/index.php?rest_route=\/wp-photo-album-plus\/endPoint?action=wppa&amp;wppa-action=render&amp;wppa-size=640&amp;wppa-occur=1&amp;wppa-fromp=244&amp;lang=lv&amp;wppa-album=5&amp;wppa-cover=0&amp;wppa-occur=1', 'https:\/\/www.sdk-zile.lv\/?page_id=244&lang=lv&wppa-album=0892001d3d7adccd&wppa-cover=0&wppa-occur=1' )\" title=\"View the album T\u0101di bij\u0101m\" style=\"cursor:pointer\">View&nbsp;2&nbsp;albums&nbsp;and&nbsp;1&nbsp;photo<\/a><\/div><\/div><div id=\"coverphoto_frame_5_1\" class=\"coverphoto-frame\" style=\"float:right; margin-left:5px;width:160px;\"><div style=\"display:inline-block;margin:0 4px;\"><a style=\"border:0;color:transparent;cursor:pointer;\" target=\"_self\" title=\"View the album T\u0101di bij\u0101m\" onclick=\"wppaDoAjaxRender( 1, 'https:\/\/www.sdk-zile.lv\/index.php?rest_route=\/wp-photo-album-plus\/endPoint?action=wppa&amp;amp;wppa-action=render&amp;amp;wppa-size=640&amp;amp;wppa-occur=1&amp;amp;wppa-fromp=244&amp;amp;lang=lv&amp;amp;wppa-album=5&amp;amp;wppa-cover=0&amp;amp;wppa-occur=1', 'https:\/\/www.sdk-zile.lv\/?page_id=244&amp;lang=lv&amp;wppa-album=0892001d3d7adccd&amp;wppa-cover=0&amp;wppa-occur=1' )\"><img decoding=\"async\" src=\"https:\/\/www.sdk-zile.lv\/wp-content\/uploads\/wppa\/thumbs\/2534.jpg?ver=1\" alt=\"0\" class=\"image wppa-img\" style=\"border-width:0px;width:150px;height:99px;opacity:0.85;display:inline;\" onmouseover=\"jQuery( this ).fadeTo( 400, 1.0 )\" onmouseout=\"jQuery( this ).fadeTo( 400, 0.85 )\"><\/a><\/div><\/div><div class=\"wppa-cover-sublist-container\"><ul class=\"wppa-cover-sublink-list\" style=\"clear:both;margin:0;list-style-type:disc;list-style-position:inside;padding:0 0 0 24px;\"><li style=\"margin:0;cursor:pointer\">Pirmie desmit un v\u0113l mazliet... <\/li><li style=\"margin:0;cursor:pointer\">Ne tik sen.. <\/li><\/ul><\/div><div style=\"clear:both;\"><\/div><\/div><div id=\"album-6-1\" class=\"wppa-album-cover-standard album wppa-box wppa-cover-box wppa-cover-box-1\" style=\"width:100%;float:right;\"><div id=\"covertext_frame_6_1\" class=\"wppa-text-frame-1 wppa-text-frame wppa-cover-text-frame wppa-asym-text-frame-1\" style=\"width:459px; float:left\"><h2 class=\"wppa-title\" style=\"clear:none;\"><a onclick=\"wppaDoAjaxRender( 1, 'https:\/\/www.sdk-zile.lv\/index.php?rest_route=\/wp-photo-album-plus\/endPoint?action=wppa&amp;amp;wppa-action=render&amp;amp;wppa-size=640&amp;amp;wppa-occur=1&amp;amp;wppa-fromp=244&amp;amp;lang=lv&amp;amp;wppa-album=6&amp;amp;wppa-cover=0&amp;amp;wppa-occur=1', 'https:\/\/www.sdk-zile.lv\/?page_id=244&amp;lang=lv&amp;wppa-album=73f0b2094844ea6d&amp;wppa-cover=0&amp;wppa-occur=1' )\" title=\"View the album Pas\u0101kumi\" class=\"wppa-title\" style=\"cursor:pointer\">Pas\u0101kumi <\/a><\/h2><div class=\"wppa-box-text wppa-black wppa-box-text-desc\" ><\/div><div class=\"wppa-box-text wppa-black wppa-info wppa-slideshow-browse-link wppa-album-cover-link\"><a class=\"wppa-album-cover-link\" onclick=\"wppaDoAjaxRender( 1, 'https:\/\/www.sdk-zile.lv\/index.php?rest_route=\/wp-photo-album-plus\/endPoint?action=wppa&amp;wppa-action=render&amp;wppa-size=640&amp;wppa-occur=1&amp;wppa-fromp=244&amp;lang=lv&amp;wppa-album=6&amp;wppa-slide=1&amp;wppa-occur=1', 'https:\/\/www.sdk-zile.lv\/?page_id=244&lang=lv&wppa-album=73f0b2094844ea6d&wppa-slide=1&wppa-occur=1' )\" title=\"Slideshow\" style=\"cursor:pointer\">Slideshow <\/a><\/div><div class=\"wppa-box-text wppa-black wppa-info wppa-viewlink wppa-album-cover-link\"><a class=\"wppa-album-cover-link\" onclick=\"wppaDoAjaxRender( 1, 'https:\/\/www.sdk-zile.lv\/index.php?rest_route=\/wp-photo-album-plus\/endPoint?action=wppa&amp;wppa-action=render&amp;wppa-size=640&amp;wppa-occur=1&amp;wppa-fromp=244&amp;lang=lv&amp;wppa-album=6&amp;wppa-cover=0&amp;wppa-occur=1', 'https:\/\/www.sdk-zile.lv\/?page_id=244&lang=lv&wppa-album=73f0b2094844ea6d&wppa-cover=0&wppa-occur=1' )\" title=\"View the album Pas\u0101kumi\" style=\"cursor:pointer\">View&nbsp;12&nbsp;albums&nbsp;and&nbsp;1&nbsp;photo<\/a><\/div><\/div><div id=\"coverphoto_frame_6_1\" class=\"coverphoto-frame\" style=\"float:right; margin-left:5px;width:160px;\"><div style=\"display:inline-block;margin:0 4px;\"><a style=\"border:0;color:transparent;cursor:pointer;\" target=\"_self\" title=\"View the album Pas\u0101kumi\" onclick=\"wppaDoAjaxRender( 1, 'https:\/\/www.sdk-zile.lv\/index.php?rest_route=\/wp-photo-album-plus\/endPoint?action=wppa&amp;amp;wppa-action=render&amp;amp;wppa-size=640&amp;amp;wppa-occur=1&amp;amp;wppa-fromp=244&amp;amp;lang=lv&amp;amp;wppa-album=6&amp;amp;wppa-cover=0&amp;amp;wppa-occur=1', 'https:\/\/www.sdk-zile.lv\/?page_id=244&amp;lang=lv&amp;wppa-album=73f0b2094844ea6d&amp;wppa-cover=0&amp;wppa-occur=1' )\"><img decoding=\"async\" src=\"https:\/\/www.sdk-zile.lv\/wp-content\/uploads\/wppa\/thumbs\/917.jpg?ver=1\" alt=\"Ziemassv\u0113tku koncerts M\u0101lpil\u012b 2014\" class=\"image wppa-img\" style=\"border-width:0px;width:150px;height:113px;opacity:0.85;display:inline;\" onmouseover=\"jQuery( this ).fadeTo( 400, 1.0 )\" onmouseout=\"jQuery( this ).fadeTo( 400, 0.85 )\"><\/a><\/div><\/div><div class=\"wppa-cover-sublist-container\"><ul class=\"wppa-cover-sublink-list\" style=\"clear:both;margin:0;list-style-type:disc;list-style-position:inside;padding:0 0 0 24px;\"><li style=\"margin:0;cursor:pointer\">SDK Z\u012ble salidojums <\/li><li style=\"margin:0;cursor:pointer\">M\u0101rti\u0146a un Madaras tusi\u0146\u0161 <\/li><li style=\"margin:0;cursor:pointer\">Vasaras tusi\u0146i <\/li><li style=\"margin:0;cursor:pointer\">Ziemas tusi\u0146i <\/li><li style=\"margin:0;cursor:pointer\">Vasaras nometnes 2014 <\/li><li style=\"margin:0;cursor:pointer\">Vingrojam un sveicam \ud83d\ude42 <\/li><li style=\"margin:0;cursor:pointer\">Rudens pastaiga 2018 <\/li><li style=\"margin:0;cursor:pointer\">Vecbebri 2015 <\/li><li style=\"margin:0;cursor:pointer\">Vecbebri 2016 <\/li><li style=\"margin:0;cursor:pointer\">Vecbebri 2017 <\/li><li style=\"margin:0;cursor:pointer\">Vasaras nometne 2020 <\/li><li style=\"margin:0;cursor:pointer\">2025. gada deju sezonas nosl\u0113guma pastaiga <\/li><\/ul><\/div><div style=\"clear:both;\"><\/div><\/div><div id=\"album-34-1\" class=\"wppa-album-cover-standard album wppa-box wppa-cover-box wppa-cover-box-1\" style=\"width:100%;float:right;\"><div id=\"covertext_frame_34_1\" class=\"wppa-text-frame-1 wppa-text-frame wppa-cover-text-frame wppa-asym-text-frame-1\" style=\"width:459px; float:left\"><h2 class=\"wppa-title\" style=\"clear:none;\"><a onclick=\"wppaDoAjaxRender( 1, 'https:\/\/www.sdk-zile.lv\/index.php?rest_route=\/wp-photo-album-plus\/endPoint?action=wppa&amp;amp;wppa-action=render&amp;amp;wppa-size=640&amp;amp;wppa-occur=1&amp;amp;wppa-fromp=244&amp;amp;lang=lv&amp;amp;wppa-album=34&amp;amp;wppa-slide=1&amp;amp;wppa-occur=1', 'https:\/\/www.sdk-zile.lv\/?page_id=244&amp;lang=lv&amp;wppa-album=813cc2ae511b9058&amp;wppa-slide=1&amp;wppa-occur=1' )\" title=\"View the album Sacens\u012bbas Valmier\u0101\" class=\"wppa-title\" style=\"cursor:pointer\">Sacens\u012bbas Valmier\u0101 <\/a><\/h2><div class=\"wppa-box-text wppa-black wppa-box-text-desc\" >2020. gada 19. septembris <\/div><div class=\"wppa-box-text wppa-black wppa-info wppa-slideshow-browse-link wppa-album-cover-link\"><a class=\"wppa-album-cover-link\" onclick=\"wppaDoAjaxRender( 1, 'https:\/\/www.sdk-zile.lv\/index.php?rest_route=\/wp-photo-album-plus\/endPoint?action=wppa&amp;wppa-action=render&amp;wppa-size=640&amp;wppa-occur=1&amp;wppa-fromp=244&amp;lang=lv&amp;wppa-album=34&amp;wppa-slide=1&amp;wppa-occur=1', 'https:\/\/www.sdk-zile.lv\/?page_id=244&lang=lv&wppa-album=813cc2ae511b9058&wppa-slide=1&wppa-occur=1' )\" title=\"Slideshow\" style=\"cursor:pointer\">Slideshow <\/a><\/div><div class=\"wppa-box-text wppa-black wppa-info wppa-viewlink wppa-album-cover-link\"><a class=\"wppa-album-cover-link\" onclick=\"wppaDoAjaxRender( 1, 'https:\/\/www.sdk-zile.lv\/index.php?rest_route=\/wp-photo-album-plus\/endPoint?action=wppa&amp;wppa-action=render&amp;wppa-size=640&amp;wppa-occur=1&amp;wppa-fromp=244&amp;lang=lv&amp;wppa-album=34&amp;wppa-cover=0&amp;wppa-occur=1', 'https:\/\/www.sdk-zile.lv\/?page_id=244&lang=lv&wppa-album=813cc2ae511b9058&wppa-cover=0&wppa-occur=1' )\" title=\"View the album Sacens\u012bbas Valmier\u0101\" style=\"cursor:pointer\">View&nbsp;77&nbsp;photos<\/a><\/div><\/div><div id=\"coverphoto_frame_34_1\" class=\"coverphoto-frame\" style=\"float:right; margin-left:5px;width:123px;\"><div style=\"display:inline-block;margin:0 4px;\"><a style=\"border:0;color:transparent;cursor:pointer;\" target=\"_self\" title=\"View the album Sacens\u012bbas Valmier\u0101\" onclick=\"wppaDoAjaxRender( 1, 'https:\/\/www.sdk-zile.lv\/index.php?rest_route=\/wp-photo-album-plus\/endPoint?action=wppa&amp;amp;wppa-action=render&amp;amp;wppa-size=640&amp;amp;wppa-occur=1&amp;amp;wppa-fromp=244&amp;amp;lang=lv&amp;amp;wppa-album=34&amp;amp;wppa-slide=1&amp;amp;wppa-occur=1', 'https:\/\/www.sdk-zile.lv\/?page_id=244&amp;lang=lv&amp;wppa-album=813cc2ae511b9058&amp;wppa-slide=1&amp;wppa-occur=1' )\"><img decoding=\"async\" src=\"https:\/\/www.sdk-zile.lv\/wp-content\/uploads\/wppa\/thumbs\/3081.jpg?ver=1\" alt=\"0\" class=\"image wppa-img\" style=\"border-width:0px;width:113px;height:150px;opacity:0.85;display:inline;\" onmouseover=\"jQuery( this ).fadeTo( 400, 1.0 )\" onmouseout=\"jQuery( this ).fadeTo( 400, 0.85 )\"><\/a><\/div><\/div><div style=\"clear:both;\"><\/div><\/div><\/div><div style=\"clear:both;\"><\/div><div id=\"wppa-container-1-end\"><\/div><\/div><\/div>\n<!-- End [wppa type=\"album\" album=\"1\"] \/index.php?rest_route=%2Fwp%2Fv2%2Fpages%2F244 oc 1 286 queries in 250.6 ms. at 06:14. Max mem: 2.00 Mb. -->\n","protected":false},"excerpt":{"rendered":"","protected":false},"author":1,"featured_media":0,"parent":0,"menu_order":0,"comment_status":"open","ping_status":"closed","template":"","meta":{"footnotes":"","_links_to":"","_links_to_target":""},"class_list":["post-244","page","type-page","status-publish","hentry","nodate"],"_links":{"self":[{"href":"https:\/\/www.sdk-zile.lv\/index.php?rest_route=\/wp\/v2\/pages\/244"}],"collection":[{"href":"https:\/\/www.sdk-zile.lv\/index.php?rest_route=\/wp\/v2\/pages"}],"about":[{"href":"https:\/\/www.sdk-zile.lv\/index.php?rest_route=\/wp\/v2\/types\/page"}],"author":[{"embeddable":true,"href":"https:\/\/www.sdk-zile.lv\/index.php?rest_route=\/wp\/v2\/users\/1"}],"replies":[{"embeddable":true,"href":"https:\/\/www.sdk-zile.lv\/index.php?rest_route=%2Fwp%2Fv2%2Fcomments&post=244"}],"version-history":[{"count":29,"href":"https:\/\/www.sdk-zile.lv\/index.php?rest_route=\/wp\/v2\/pages\/244\/revisions"}],"predecessor-version":[{"id":281,"href":"https:\/\/www.sdk-zile.lv\/index.php?rest_route=\/wp\/v2\/pages\/244\/revisions\/281"}],"wp:attachment":[{"href":"https:\/\/www.sdk-zile.lv\/index.php?rest_route=%2Fwp%2Fv2%2Fmedia&parent=244"}],"curies":[{"name":"wp","href":"https:\/\/api.w.org\/{rel}","templated":true}]}}