{"id":135,"date":"2013-06-02T07:58:29","date_gmt":"2013-06-02T07:58:29","guid":{"rendered":"http:\/\/10.90.0.103\/wordpress\/?page_id=135"},"modified":"2018-09-11T19:36:09","modified_gmt":"2018-09-11T17:36:09","slug":"vesture","status":"publish","type":"page","link":"https:\/\/www.sdk-zile.lv\/?page_id=135","title":{"rendered":"V\u0113sture"},"content":{"rendered":"<p style=\"text-align: justify;\">Sporta deju klubs &#8220;Z\u012ble&#8221; savu darb\u012bbu s\u0101cis jau no 1995. gada, kad M\u0101lpil\u012b durvis v\u0113ra Alternat\u012bv\u0101 skola, t\u0101s ietvaros klubs s\u0101ka savu darb\u012bbu k\u0101 sporta deju pulci\u0146\u0161. P\u0113c veiksm\u012bga triumfa, interesi izr\u0101d\u012bja ar\u012b M\u0101lpils b\u0113rnud\u0101rza un vidusskolas kolekt\u012bvi. Laikam ejot, kluba darb\u012bba att\u012bst\u012bj\u0101s, zi\u0146as par b\u0113rnu sasniegumiem aplidoja tuv\u0101kos ciemus, dejot grib\u0113t\u0101ju pulkam pievienoj\u0101s b\u0113rni no Alla\u017eiem, Mores, L\u012bgatnes. Pat Murj\u0101\u0146u Sporta skolas audz\u0113k\u0146i c\u012bt\u012bgi lauz\u012bj\u0101s sporta deju pamatkust\u012bb\u0101s!<\/p>\n<p style=\"text-align: justify;\">Sporta deju akt\u012bv\u0101 sacens\u012bbu sezona ilgst no septembra l\u012bdz j\u016bnijam, kad b\u0113rni akt\u012bvi katru ned\u0113\u013cas nogali apmekl\u0113 tuv\u0101kas un t\u0101l\u0101kas sporta deju sacens\u012bbas, bet vasaras m\u0113ne\u0161os s\u0101k\u0101s ilgi gaid\u012bt\u0101s treni\u0146nometnes, kur\u0101s gr\u016bts un neatlaid\u012bgs darbs mij\u0101s ar akt\u012bvu atp\u016btu. Nometnes r\u012bkotas daudz\u0101s skaist\u0101s Latvijas pils\u0113t\u0101s. Da\u017eas no t\u0101m: Talsi, Kandava, M\u0113rsrags, Zvejniekciems,\u00a0R\u016bjiena, M\u0101lpils un Sigulda.<\/p>\n<p>&nbsp;<\/p>\n<table border=\"0\">\n<tbody>\n<tr style=\"background-color: #fdfafe; border: 0px;\">\n<td style=\"width: 200px;\"><a href=\"http:\/\/www.sdk-zile.lv\/wp-content\/uploads\/2013\/06\/phoca_thumb_l__mg_3597_1a4.jpg\"><img loading=\"lazy\" decoding=\"async\" class=\"alignnone wp-image-202\" src=\"http:\/\/www.sdk-zile.lv\/wp-content\/uploads\/2013\/06\/phoca_thumb_l__mg_3597_1a4.jpg\" alt=\"phoca_thumb_l__mg_3597_1a4\" width=\"200\" height=\"300\" srcset=\"https:\/\/www.sdk-zile.lv\/wp-content\/uploads\/2013\/06\/phoca_thumb_l__mg_3597_1a4.jpg 319w, https:\/\/www.sdk-zile.lv\/wp-content\/uploads\/2013\/06\/phoca_thumb_l__mg_3597_1a4-199x300.jpg 199w\" sizes=\"(max-width: 200px) 100vw, 200px\" \/><\/a><\/td>\n<td align=\"left\" valign=\"top\">\n<h4><strong><em>M\u0101rti\u0146\u0161 un Madara<\/em><\/strong><\/h4>\n<p style=\"text-align: justify;\"><span style=\"font-size: 14px;\">M\u0101rti\u0146\u0161 un Madara deju so\u013cus s\u0101ka apg\u016bt jau b\u0113rnud\u0101rz\u0101. Kop\u0101 p\u0101r\u012b vi\u0146i s\u0101k dejot no 1. klases un kop\u0101 nodejo l\u012bdz 12.klasei, sasniedzot augsto A klasi Lat\u012b\u0146amerikas dej\u0101s. Abi dejot\u0101ji ir no M\u0101lpils.<\/span><\/p>\n<p style=\"text-align: justify;\"><a title=\"Video\" href=\"http:\/\/www.youtube.com\/watch?v=PK3JNKvBNMQ\" target=\"_blank\" rel=\"noopener\">Video<\/a><\/p>\n<\/td>\n<\/tr>\n<tr style=\"background-color: #fdfafe; border: 0px;\">\n<td style=\"width: 200px;\"><img loading=\"lazy\" decoding=\"async\" class=\"size-medium wp-image-204 alignleft\" style=\"margin: 0px 5px 5px 0px;\" src=\"http:\/\/www.sdk-zile.lv\/wp-content\/uploads\/2013\/06\/phoca_thumb_l_img_2478-199x300.jpg\" alt=\"Oto&amp;Evelina\" width=\"199\" height=\"300\" srcset=\"https:\/\/www.sdk-zile.lv\/wp-content\/uploads\/2013\/06\/phoca_thumb_l_img_2478-199x300.jpg 199w, https:\/\/www.sdk-zile.lv\/wp-content\/uploads\/2013\/06\/phoca_thumb_l_img_2478.jpg 319w\" sizes=\"(max-width: 199px) 100vw, 199px\" \/><\/td>\n<td align=\"left\" valign=\"top\">\n<h4><strong><em>Oto un Evel\u012bna<\/em><\/strong><\/h4>\n<p style=\"text-align: justify;\"><span style=\"font-size: 14px;\">Oto un Evel\u012bna deju so\u013cus iepaz\u012bst jau no agras bern\u012bbas. Kop\u0101 tiek nodejoti 6 gadi sasniedzot C klasi Standartdej\u0101s un B klasi Lat\u012b\u0146amerikas dej\u0101s. Oto ir no M\u0101lpils, Evel\u012bna no Siguldas.<\/span><\/p>\n<p style=\"text-align: justify;\"><a title=\"ST\" href=\"http:\/\/www.youtube.com\/watch?v=_0CRp67n6xw\" target=\"_blank\" rel=\"noopener\">Video #1<\/a><\/p>\n<p style=\"text-align: justify;\"><a title=\"LA\" href=\"http:\/\/www.youtube.com\/watch?v=fkEF4rsjnQ0\" target=\"_blank\" rel=\"noopener\">Video #2<\/a><\/p>\n<\/td>\n<\/tr>\n<tr style=\"background-color: #fdfafe; border: 0px;\">\n<td style=\"width: 200px;\"><img loading=\"lazy\" decoding=\"async\" class=\"size-full wp-image-207 alignleft\" style=\"margin: 0px 5px 5px 0px;\" src=\"http:\/\/www.sdk-zile.lv\/wp-content\/uploads\/2013\/06\/IMG_1688_s.jpg\" alt=\"Dima&amp;Ivita\" width=\"200\" height=\"300\" \/><\/td>\n<td align=\"left\" valign=\"top\">\n<h4><strong><em>Dmitrijs un Ivita<\/em><\/strong><\/h4>\n<p style=\"text-align: justify;\"><span style=\"font-size: 14px;\">Dmitrijs un Ivita deju so\u013cus apg\u016bst no b\u0113rn\u012bbas. Abi kop\u0101 nodejo 4 gadus sasniedzot B klasi gan Standartdej\u0101s, gan Lat\u012b\u0146amerikas dej\u0101s. Abi dejot\u0101ji ir no M\u0101lpils.<\/span><\/p>\n<p style=\"text-align: justify;\"><a title=\"Video\" href=\"http:\/\/www.youtube.com\/watch?v=3yJZM8pcaPg\" target=\"_blank\" rel=\"noopener\">Video<\/a><\/p>\n<\/td>\n<\/tr>\n<tr style=\"background-color: #fdfafe; border: 0px;\">\n<td style=\"width: 200px;\"><img loading=\"lazy\" decoding=\"async\" class=\" wp-image-208 alignleft\" style=\"margin: 0px 5px 5px 0px;\" src=\"http:\/\/www.sdk-zile.lv\/wp-content\/uploads\/2013\/06\/phoca_thumb_l_p5080901-225x300.jpg\" alt=\"Toms&amp;Keita\" width=\"200\" height=\"267\" srcset=\"https:\/\/www.sdk-zile.lv\/wp-content\/uploads\/2013\/06\/phoca_thumb_l_p5080901-225x300.jpg 225w, https:\/\/www.sdk-zile.lv\/wp-content\/uploads\/2013\/06\/phoca_thumb_l_p5080901.jpg 360w\" sizes=\"(max-width: 200px) 100vw, 200px\" \/><\/td>\n<td align=\"left\" valign=\"top\">\n<h4><strong><em>Toms un Keita<\/em><\/strong><\/h4>\n<p style=\"text-align: justify;\"><span style=\"font-size: 14px;\">Toms dejotprasmi s\u0101k apg\u016bt 1. klas\u0113, savuk\u0101rt Keita dejo jau no 6 gadu vecuma. Abi kop\u0101 nodejo 4 gadus sasniedot Juniori I D klasi. Abi dejot\u0101ji ir no Siguldas.<\/span><\/p>\n<\/td>\n<\/tr>\n<tr style=\"background-color: #fdfafe; border: 0px;\">\n<td style=\"width: 200px;\"><a href=\"http:\/\/www.sdk-zile.lv\/wp-content\/uploads\/2013\/06\/0749-041-1.jpg\"><img loading=\"lazy\" decoding=\"async\" class=\"alignnone size-medium wp-image-4139\" src=\"http:\/\/www.sdk-zile.lv\/wp-content\/uploads\/2013\/06\/0749-041-1-200x300.jpg\" alt=\"\" width=\"200\" height=\"300\" srcset=\"https:\/\/www.sdk-zile.lv\/wp-content\/uploads\/2013\/06\/0749-041-1-200x300.jpg 200w, https:\/\/www.sdk-zile.lv\/wp-content\/uploads\/2013\/06\/0749-041-1.jpg 533w\" sizes=\"(max-width: 200px) 100vw, 200px\" \/><\/a><\/td>\n<td align=\"left\" valign=\"top\">\n<h4><b><i>Kristers un Amanda<\/i><\/b><\/h4>\n<p style=\"text-align: justify;\"><span style=\"font-size: 14px;\">Kristers un Amanda deju so\u013cus apg\u016bst jau no pirm\u0101s klases. Abi kop\u0101 nodejo 7. gadus, sasniedzot Juniori I C klasi. Abi dejot\u0101ji ir no M\u0101lpils.<\/span><\/p>\n<p><a href=\"https:\/\/www.sdk-zile.lv\/?p=789\">Video<\/a><\/td>\n<\/tr>\n<\/tbody>\n<\/table>\n<p>&nbsp;<\/p>\n<p>T\u0101di bij\u0101m&#8230; \ud83d\ude42<\/p>\n<p><a href=\"http:\/\/www.sdk-zile.lv\/wp-content\/uploads\/2013\/06\/phoca_thumb_l_tadibijam.png\"><img loading=\"lazy\" decoding=\"async\" class=\"alignnone wp-image-209\" src=\"http:\/\/www.sdk-zile.lv\/wp-content\/uploads\/2013\/06\/phoca_thumb_l_tadibijam.png\" alt=\"phoca_thumb_l_tadibijam\" width=\"600\" height=\"420\" \/><\/a><\/p>\n<p>&#8230;T\u0101di esam \ud83d\ude42<\/p>\n<p><a href=\"http:\/\/www.sdk-zile.lv\/wp-content\/uploads\/2013\/06\/phoca_thumb_l_tadiesam.jpg\"><img loading=\"lazy\" decoding=\"async\" class=\"alignnone wp-image-210\" src=\"http:\/\/www.sdk-zile.lv\/wp-content\/uploads\/2013\/06\/phoca_thumb_l_tadiesam.jpg\" alt=\"phoca_thumb_l_tadiesam\" width=\"600\" height=\"420\" \/><\/a><\/p>\n","protected":false},"excerpt":{"rendered":"<p style=\"text-align: justify;\">Sporta deju klubs &#8220;Z\u012ble&#8221; savu darb\u012bbu s\u0101cis jau no 1995. gada, kad M\u0101lpil\u012b durvis v\u0113ra Alternat\u012bv\u0101 skola, t\u0101s ietvaros klubs s\u0101ka savu darb\u012bbu k\u0101 sporta deju pulci\u0146\u0161. P\u0113c veiksm\u012bga triumfa, interesi izr\u0101d\u012bja ar\u012b M\u0101lpils b\u0113rnud\u0101rza un vidusskolas kolekt\u012bvi. Laikam ejot, kluba darb\u012bba att\u012bst\u012bj\u0101s, zi\u0146as par b\u0113rnu sasniegumiem aplidoja tuv\u0101kos ciemus, dejot grib\u0113t\u0101ju pulkam &hellip; <\/p>\n<p><a class=\"more-link block-button\" href=\"https:\/\/www.sdk-zile.lv\/?page_id=135\">Las\u012bt t\u0101l\u0101k &raquo;<\/a><\/p>\n","protected":false},"author":1,"featured_media":0,"parent":129,"menu_order":3,"comment_status":"closed","ping_status":"closed","template":"","meta":{"footnotes":"","_links_to":"","_links_to_target":""},"class_list":["post-135","page","type-page","status-publish","hentry","nodate"],"_links":{"self":[{"href":"https:\/\/www.sdk-zile.lv\/index.php?rest_route=\/wp\/v2\/pages\/135"}],"collection":[{"href":"https:\/\/www.sdk-zile.lv\/index.php?rest_route=\/wp\/v2\/pages"}],"about":[{"href":"https:\/\/www.sdk-zile.lv\/index.php?rest_route=\/wp\/v2\/types\/page"}],"author":[{"embeddable":true,"href":"https:\/\/www.sdk-zile.lv\/index.php?rest_route=\/wp\/v2\/users\/1"}],"replies":[{"embeddable":true,"href":"https:\/\/www.sdk-zile.lv\/index.php?rest_route=%2Fwp%2Fv2%2Fcomments&post=135"}],"version-history":[{"count":55,"href":"https:\/\/www.sdk-zile.lv\/index.php?rest_route=\/wp\/v2\/pages\/135\/revisions"}],"predecessor-version":[{"id":4556,"href":"https:\/\/www.sdk-zile.lv\/index.php?rest_route=\/wp\/v2\/pages\/135\/revisions\/4556"}],"up":[{"embeddable":true,"href":"https:\/\/www.sdk-zile.lv\/index.php?rest_route=\/wp\/v2\/pages\/129"}],"wp:attachment":[{"href":"https:\/\/www.sdk-zile.lv\/index.php?rest_route=%2Fwp%2Fv2%2Fmedia&parent=135"}],"curies":[{"name":"wp","href":"https:\/\/api.w.org\/{rel}","templated":true}]}}