{"id":126,"date":"2013-06-02T07:55:53","date_gmt":"2013-06-02T07:55:53","guid":{"rendered":"http:\/\/10.90.0.103\/wordpress\/?page_id=126"},"modified":"2025-06-04T18:17:08","modified_gmt":"2025-06-04T16:17:08","slug":"galvena-lapa","status":"publish","type":"page","link":"https:\/\/www.sdk-zile.lv\/","title":{"rendered":"DEJA IR KUST\u012aBA, BET KUST\u012aBA IR PATI DZ\u012aVE"},"content":{"rendered":"<p style=\"text-align: justify;\">Deja ir k\u0101 m\u0101ksla, kuras galvenie izteiksmes l\u012bdzek\u013ci ir \u0137erme\u0146a plastika, harmoniskas kust\u012bbas, k\u0101 ar\u012b temps un dinamika. Deja ir tikpat sena k\u0101 cilv\u0113ks. T\u0101 cauri gadsimtiem ir \u013c\u0101vusi saprasties cilv\u0113kiem neatkar\u012bgi no t\u0101 kur\u0101 pasaules mal\u0101 tu dz\u012bvo.<\/p>\n<p style=\"text-align: justify;\">Sar\u012bkojumu dejas ir Sporta deju priek\u0161tecis, kas rad\u0101s jau 13. gs. un veidoj\u0101s Rietumeiropas augstma\u0146u un pils\u0113tnieku sar\u012bkojumos. 19. gs. pasaule iepaz\u012bst valsi. 20. gs. sar\u012bkojumos un ball\u0113s popul\u0101ras k\u013c\u016bst t\u0101das dejas k\u0101 \u0101trais V\u012bnes valsis, l\u0113nais ang\u013cu valsis, l\u0113nais fokstrots, kviksteps un tango. \u0160\u012bs dejas tagad dejo Sporta deju Standartdeju programm\u0101. Turkl\u0101t 20.gadsimt\u0101 liek likti pamati Sporta deju att\u012bst\u012bbai. \u0160aj\u0101 sporta veid\u0101 sacen\u0161as tr\u012bs programm\u0101s \u2013 Standartdejas, Lat\u012b\u0146amerikas dejas un 10 dejas.<\/p>\n<p style=\"text-align: justify;\">\u0160odien Sporta dejas ir viens no skaist\u0101kajiem sporta veidiem. Kur\u0101 tiek apvienots sp\u0113ks un daile, iztur\u012bba un gr\u0101cija.<\/p>\n\n\n<h2 class=\"wp-block-heading has-text-align-center\"><a href=\"https:\/\/www.diena.lv\/raksts\/sports\/citi\/dobrecovslevcenko-piekto-gadu-pec-kartas-uzvar-latvijas-cempionata-10-dejas-14312284\"><strong><em>SDK &#8220;Z\u012ble&#8221; sasniegums 2024. gada pirmaj\u0101 \u010dempion\u0101t\u0101. Dienas raksts.<\/em><\/strong><\/a><\/h2>\n\n\n","protected":false},"excerpt":{"rendered":"<p style=\"text-align: justify;\">Deja ir k\u0101 m\u0101ksla, kuras galvenie izteiksmes l\u012bdzek\u013ci ir \u0137erme\u0146a plastika, harmoniskas kust\u012bbas, k\u0101 ar\u012b temps un dinamika. Deja ir tikpat sena k\u0101 cilv\u0113ks. T\u0101 cauri gadsimtiem ir \u013c\u0101vusi saprasties cilv\u0113kiem neatkar\u012bgi no t\u0101 kur\u0101 pasaules mal\u0101 tu dz\u012bvo.<\/p>\n<p style=\"text-align: justify;\">Sar\u012bkojumu dejas ir Sporta deju priek\u0161tecis, kas rad\u0101s jau 13. gs. un &hellip; <\/p>\n<p><a class=\"more-link block-button\" href=\"https:\/\/www.sdk-zile.lv\/\">Las\u012bt t\u0101l\u0101k &raquo;<\/a><\/p>\n","protected":false},"author":1,"featured_media":0,"parent":0,"menu_order":0,"comment_status":"closed","ping_status":"closed","template":"","meta":{"footnotes":"","_links_to":"","_links_to_target":""},"class_list":["post-126","page","type-page","status-publish","hentry","nodate"],"_links":{"self":[{"href":"https:\/\/www.sdk-zile.lv\/index.php?rest_route=\/wp\/v2\/pages\/126"}],"collection":[{"href":"https:\/\/www.sdk-zile.lv\/index.php?rest_route=\/wp\/v2\/pages"}],"about":[{"href":"https:\/\/www.sdk-zile.lv\/index.php?rest_route=\/wp\/v2\/types\/page"}],"author":[{"embeddable":true,"href":"https:\/\/www.sdk-zile.lv\/index.php?rest_route=\/wp\/v2\/users\/1"}],"replies":[{"embeddable":true,"href":"https:\/\/www.sdk-zile.lv\/index.php?rest_route=%2Fwp%2Fv2%2Fcomments&post=126"}],"version-history":[{"count":48,"href":"https:\/\/www.sdk-zile.lv\/index.php?rest_route=\/wp\/v2\/pages\/126\/revisions"}],"predecessor-version":[{"id":5957,"href":"https:\/\/www.sdk-zile.lv\/index.php?rest_route=\/wp\/v2\/pages\/126\/revisions\/5957"}],"wp:attachment":[{"href":"https:\/\/www.sdk-zile.lv\/index.php?rest_route=%2Fwp%2Fv2%2Fmedia&parent=126"}],"curies":[{"name":"wp","href":"https:\/\/api.w.org\/{rel}","templated":true}]}}